{"id":301,"date":"2023-08-29T22:07:59","date_gmt":"2023-08-30T02:07:59","guid":{"rendered":"https:\/\/cm-sci.ca\/?page_id=301"},"modified":"2023-09-15T21:18:18","modified_gmt":"2023-09-16T01:18:18","slug":"distance-properties-of-materials","status":"publish","type":"page","link":"https:\/\/cm-sci.ca\/?page_id=301","title":{"rendered":"Distance &#8211; Properties of Materials"},"content":{"rendered":"\n<p><strong>Fees: C$ 850 (8 weeks period)<br>Dates: (upon request)<br>Max No of Participants: 15<br>Location: Training can be also provided at a location of your choice anywhere in Canada.<\/strong><\/p>\n\n\n\n<p><strong>PEC-Met 0012 Materials Properties &nbsp;<\/strong><\/p>\n\n\n\n<p><strong>Course Description<\/strong><\/p>\n\n\n\n<p><a>This course is intended for studying the different properties for different materials including metals, ceramics, and polymers. The different properties include physical properties, mechanical properties, thermal properties. etc\u2026<\/a><\/p>\n\n\n\n<p><strong>Course Contents<\/strong><\/p>\n\n\n\n<p>Properties of materials for mechanical, thermal and electrical applications. Atomic bonding, solid solutions, crystallisation. Equilibrium phase diagrams, applications to steel and aluminium alloys, heat treatments. Structure and special properties of polymers and ceramic materials. General characteristics of metallic composites, polymeric composites and concrete. Introduction to materials in hostile environments: corrosion, creep at high temperature, refractory materials, subnormal temperature brittle fracture.<\/p>\n\n\n\n<p><strong>Who can get Benefits from this course?<\/strong><\/p>\n\n\n\n<p>Materials Engineers, Metallurgical Engineers, Mining Engineers, Mechanical Engineers, Engineering Enthusiasts, Engineering Professionals, Preparation for Standardized Tests, Career Changers, Engineering Technicians.<\/p>\n\n\n\n<p><strong>Recommended Textbooks:<\/strong><\/p>\n\n\n\n<ul>\n<li>W.D. Callister Jr. and D.G. Rethwisch: Materials Science and Engineering: An Introduction, Wiley (open textbook)<\/li>\n\n\n\n<li>Jean-Paul Ba\u00efllon et Jean-Marie Dorlot : Des mat\u00e9riaux, \u00c9ditions de l\u2019\u00c9cole Polytechnique de Montr\u00e9al<\/li>\n<\/ul>\n\n\n\n<p>.<\/p>\n\n\n\n<p><strong>The distance education program works as follows:<\/strong><\/p>\n\n\n\n<p><br>\u2022 Each course is 8 weeks in duration.<br>\u2022 You will receive a set of notes each week covering the course material via the internet. In addition, you will receive practice problems and assignments very similar to the associations\u2019 past exams.<br>\u2022 A one-hour conference meeting session will be conducted by your instructor each week. The objective of this session is to assist in solving the assignments as well as answer student questions that should be sent to the instructor early enough prior to the meeting time. In addition, by being able to communicate with the instructor, you will also be able to communicate with other students in the same class and watch their questions answered as well.<br>\u2022 Each set of assignments must be completed and submitted by the indicated date and your completed assignment will be marked and returned by your instructor.<br>\u2022 Upon completion of the assignments, you will be sent a final exam. It is recommended that you try to simulate the actual exam conditions (i.e., no aids and a time limit) when writing it. You will then submit this final exam for review and marking.<br>Please note that CMC Inc. offers technical exam preparation courses for the following association examinations: APEGGA. APEGBC, APEGM, APEGNB, PEGNL, APENS. NAPEG, PEO, APEPEI. OIQ, APEGS and APEY.<br>Also, note all of our courses provided by CMC Inc. are based on the Canadian Council of Professional Engineers (CCPE) Engineers Canada curriculum<\/p>\n","protected":false},"excerpt":{"rendered":"<p>Fees: C$ 850 (8 weeks period)Dates: (upon request)Max No of Participants: 15Location: Training can be also provided at a location of your choice anywhere in Canada. PEC-Met 0012 Materials Properties &nbsp; Course Description This course is intended for studying the different properties for different materials including metals, ceramics, and polymers. The different properties include physical properties, mechanical properties, thermal properties.<\/p>\n<div class=\"clearfix\"><\/div>\n<div class=\"pull-left padding-top-25\"><a href=\"https:\/\/cm-sci.ca\/?page_id=301\" class=\"btn btn-theme\">Continue reading<span class=\"screen-reader-text\"> &#8220;Distance &#8211; Properties of Materials&#8221;<\/span> <i class=\"fa fa-fw fa-long-arrow-right\"><\/i> <\/a>  <\/div>\n","protected":false},"author":1,"featured_media":0,"parent":0,"menu_order":0,"comment_status":"closed","ping_status":"closed","template":"","meta":[],"_links":{"self":[{"href":"https:\/\/cm-sci.ca\/index.php?rest_route=\/wp\/v2\/pages\/301"}],"collection":[{"href":"https:\/\/cm-sci.ca\/index.php?rest_route=\/wp\/v2\/pages"}],"about":[{"href":"https:\/\/cm-sci.ca\/index.php?rest_route=\/wp\/v2\/types\/page"}],"author":[{"embeddable":true,"href":"https:\/\/cm-sci.ca\/index.php?rest_route=\/wp\/v2\/users\/1"}],"replies":[{"embeddable":true,"href":"https:\/\/cm-sci.ca\/index.php?rest_route=%2Fwp%2Fv2%2Fcomments&post=301"}],"version-history":[{"count":2,"href":"https:\/\/cm-sci.ca\/index.php?rest_route=\/wp\/v2\/pages\/301\/revisions"}],"predecessor-version":[{"id":395,"href":"https:\/\/cm-sci.ca\/index.php?rest_route=\/wp\/v2\/pages\/301\/revisions\/395"}],"wp:attachment":[{"href":"https:\/\/cm-sci.ca\/index.php?rest_route=%2Fwp%2Fv2%2Fmedia&parent=301"}],"curies":[{"name":"wp","href":"https:\/\/api.w.org\/{rel}","templated":true}]}}